{"id":105,"date":"2021-08-03T13:25:29","date_gmt":"2021-08-03T13:25:29","guid":{"rendered":"https:\/\/www.buergerverein-ammerbuch.de\/bv\/?page_id=105"},"modified":"2021-08-05T10:25:24","modified_gmt":"2021-08-05T10:25:24","slug":"netzwerk","status":"publish","type":"page","link":"https:\/\/www.buergerverein-ammerbuch.de\/bv\/netzwerk\/","title":{"rendered":"Netzwerk"},"content":{"rendered":"\n<p>Der B\u00fcrgerverein Ammerbuch e.V.  kooperiert u.a. derzeit mit folgenden Stellen und Personen:<\/p>\n\n\n\n<p><a href=\"https:\/\/www.hwv-ammerbuch.de\/\" data-type=\"URL\" data-id=\"https:\/\/www.hwv-ammerbuch.de\/\" target=\"_blank\" rel=\"noreferrer noopener\">Heimat- und Wanderverein Ammerbuch e.V.<\/a><\/p>\n\n\n\n<p><a href=\"https:\/\/www.ammerbuch.de\/kultur-freizeit\/vereine-ammerbuch-aktiv\/vereinsliste?tx_hwvereinsliste_hwvereinsplugin%5Baction%5D=show&amp;tx_hwvereinsliste_hwvereinsplugin%5Bcontroller%5D=Verein&amp;tx_hwvereinsliste_hwvereinsplugin%5Bverein%5D=39&amp;cHash=111f14511a87cf6f67007ebb1fe031bb\" data-type=\"URL\" data-id=\"https:\/\/www.ammerbuch.de\/kultur-freizeit\/vereine-ammerbuch-aktiv\/vereinsliste?tx_hwvereinsliste_hwvereinsplugin%5Baction%5D=show&amp;tx_hwvereinsliste_hwvereinsplugin%5Bcontroller%5D=Verein&amp;tx_hwvereinsliste_hwvereinsplugin%5Bverein%5D=39&amp;cHash=111f14511a87cf6f67007ebb1fe031bb\" target=\"_blank\" rel=\"noreferrer noopener\">F\u00f6rderkreis Heimatgeschichte Ammerbuch e.V.<\/a><\/p>\n\n\n\n<p><a href=\"https:\/\/www.sav-rottenburg.de\/\" data-type=\"URL\" data-id=\"https:\/\/www.sav-rottenburg.de\/\" target=\"_blank\" rel=\"noreferrer noopener\">S\u00fclchgauer Altertumsverein e.V.<\/a><\/p>\n\n\n\n<p><a href=\"https:\/\/www.denkmalpflege-bw.de\/\" data-type=\"URL\" data-id=\"https:\/\/www.denkmalpflege-bw.de\/\" target=\"_blank\" rel=\"noreferrer noopener\">Landesamt f\u00fcr Denkmalpflege Baden-W\u00fcrttemberg<\/a><\/p>\n\n\n\n<p><a href=\"https:\/\/www.kreis-tuebingen.de\/kreisarchiv.html\" data-type=\"URL\" data-id=\"https:\/\/www.kreis-tuebingen.de\/kreisarchiv.html\" target=\"_blank\" rel=\"noreferrer noopener\">Kreisarchiv T\u00fcbingen<\/a><\/p>\n\n\n\n<p><a href=\"https:\/\/www.ammerbuch.de\/startseite\" data-type=\"URL\" data-id=\"https:\/\/www.ammerbuch.de\/startseite\" target=\"_blank\" rel=\"noreferrer noopener\">Gemeinde Ammerbuch<\/a><\/p>\n\n\n\n<p><a href=\"https:\/\/www.landesstelle.de\/ueber-uns\/\" data-type=\"URL\" data-id=\"https:\/\/www.landesstelle.de\/ueber-uns\/\" target=\"_blank\" rel=\"noreferrer noopener\">Baden-W\u00fcrttembergische Landesstelle f\u00fcr Museumsbetreuung<\/a><\/p>\n\n\n\n<p><a href=\"https:\/\/www.museumsverband-bw.de\/startseite\/\" data-type=\"URL\" data-id=\"https:\/\/www.museumsverband-bw.de\/startseite\/\" target=\"_blank\" rel=\"noreferrer noopener\">Museumsverband Baden-W\u00fcrttemberg<\/a><\/p>\n\n\n\n<p>den Ortshistorikern der einzelnen Ammerbucher Gemeindeteile (soweit sie nicht Vereinsmitglieder sind)<\/p>\n\n\n\n<p>sowie benachbarten Archiven, Bibliotheken und Museen.<\/p>\n","protected":false},"excerpt":{"rendered":"<p>Der B\u00fcrgerverein Ammerbuch e.V. kooperiert u.a. derzeit mit folgenden Stellen und Personen: Heimat- und Wanderverein Ammerbuch e.V. F\u00f6rderkreis Heimatgeschichte Ammerbuch e.V. S\u00fclchgauer Altertumsverein e.V. Landesamt f\u00fcr Denkmalpflege Baden-W\u00fcrttemberg Kreisarchiv T\u00fcbingen Gemeinde Ammerbuch Baden-W\u00fcrttembergische Landesstelle f\u00fcr Museumsbetreuung Museumsverband Baden-W\u00fcrttemberg den Ortshistorikern&#8230; <a class=\"more-link\" href=\"https:\/\/www.buergerverein-ammerbuch.de\/bv\/netzwerk\/\">Weiterlesen &rarr;<\/a><\/p>\n","protected":false},"author":3,"featured_media":0,"parent":0,"menu_order":0,"comment_status":"closed","ping_status":"closed","template":"","meta":{"footnotes":""},"class_list":["post-105","page","type-page","status-publish","hentry"],"_links":{"self":[{"href":"https:\/\/www.buergerverein-ammerbuch.de\/bv\/wp-json\/wp\/v2\/pages\/105","targetHints":{"allow":["GET"]}}],"collection":[{"href":"https:\/\/www.buergerverein-ammerbuch.de\/bv\/wp-json\/wp\/v2\/pages"}],"about":[{"href":"https:\/\/www.buergerverein-ammerbuch.de\/bv\/wp-json\/wp\/v2\/types\/page"}],"author":[{"embeddable":true,"href":"https:\/\/www.buergerverein-ammerbuch.de\/bv\/wp-json\/wp\/v2\/users\/3"}],"replies":[{"embeddable":true,"href":"https:\/\/www.buergerverein-ammerbuch.de\/bv\/wp-json\/wp\/v2\/comments?post=105"}],"version-history":[{"count":3,"href":"https:\/\/www.buergerverein-ammerbuch.de\/bv\/wp-json\/wp\/v2\/pages\/105\/revisions"}],"predecessor-version":[{"id":194,"href":"https:\/\/www.buergerverein-ammerbuch.de\/bv\/wp-json\/wp\/v2\/pages\/105\/revisions\/194"}],"wp:attachment":[{"href":"https:\/\/www.buergerverein-ammerbuch.de\/bv\/wp-json\/wp\/v2\/media?parent=105"}],"curies":[{"name":"wp","href":"https:\/\/api.w.org\/{rel}","templated":true}]}}