{"id":11,"date":"2025-06-14T21:14:00","date_gmt":"2025-06-14T21:14:00","guid":{"rendered":"https:\/\/www.buergerverein-ammerbuch.de\/bv\/?page_id=11"},"modified":"2025-06-15T20:41:23","modified_gmt":"2025-06-15T20:41:23","slug":"impressum","status":"publish","type":"page","link":"https:\/\/www.buergerverein-ammerbuch.de\/bv\/impressum\/","title":{"rendered":"Impressum"},"content":{"rendered":"\n<p><strong>Presserechtlich verantwortlich f\u00fcr den Inhalt dieser Seiten:<\/strong><br>B\u00fcrgerverein Ammerbuch e.V. (BVA)<br>Wasserschloss 6<br>72119 Ammerbuch<\/p>\n\n\n\n<p>Webmaster: Dr. Wolfgang Bleicher \/ Boris Dieter<\/p>\n\n\n\n<p><strong>Rechtliche Hinweise<\/strong><br>Der BVA aktualisiert und pr\u00fcft die Daten seiner Webseiten. Trotz aller Sorgfalt k\u00f6nnen sich Inhalte zwischenzeitlich ver\u00e4ndert haben. Eine Haftung oder Garantie f\u00fcr die Richtigkeit, Aktualit\u00e4t und Vollst\u00e4ndigkeit kann daher nicht \u00fcbernommen werden.<\/p>\n\n\n\n<p><strong>Hinweis gem\u00e4\u00df \u00a7 5 Digitale-Dienste-Gesetz (DDG)<\/strong><br>F\u00fcr Webseiten Dritter, auf die den BVA durch so genannte Links verweist, tragen die jeweiligen Anbieter die Verantwortung. Der BVA ist f\u00fcr den Inhalt solcher Seiten Dritter nicht verantwortlich. Des Weiteren kann die Webseite des BVA ohne dessen Wissen von anderen Websites mittels so genannter Links angew\u00e4hlt werden. Der BVA \u00fcbernimmt keine Verantwortung f\u00fcr Darstellungen, Inhalt oder irgendeine Verbindung zur Parteigliederung des BVA in Websites Dritter. F\u00fcr fremde Inhalte ist der BVA nur dann verantwortlich, wenn er\u00a0von ihnen (d. h. auch von einem rechtswidrigen oder strafbaren Inhalt) positive Kenntnis hat und es dem BVA technisch m\u00f6glich und zumutbar ist, deren Nutzung zu verhindern. Der BVA ist nach dem Digitale-Dienste-Gesetz (DDG) jedoch nicht verpflichtet, die fremden Inhalte st\u00e4ndig zu \u00fcberpr\u00fcfen.<\/p>\n\n\n\n<p><strong>Urheberrechtlicher Hinweis<\/strong><br>Alle vom BVA auf diesen Seiten bereitgestellten Inhalte und Werke (Texte, Bilder, Grafiken, Layouts, usw.) unterliegen dem deutschen Urheberrecht. Beitr\u00e4ge Dritter sind als solche gekennzeichnet. Die Vervielf\u00e4ltigung, Bearbeitung, Verbreitung, der Verkauf und jede Art der Verwertung au\u00dferhalb der Grenzen des Urheberrechtes sind untersagt bzw. bed\u00fcrfen der schriftlichen Zustimmung des BVA. Downloads und Kopien dieser Seite sind nur f\u00fcr den privaten, nicht f\u00fcr den kommerziellen Gebrauch gestattet. Der BVA ist bem\u00fcht, stets die Urheberrechte anderer zu beachten bzw. auf selbst erstellte sowie lizenzfreie Werke zur\u00fcckzugreifen.<\/p>\n","protected":false},"excerpt":{"rendered":"<p>Presserechtlich verantwortlich f\u00fcr den Inhalt dieser Seiten:B\u00fcrgerverein Ammerbuch e.V. (BVA)Wasserschloss 672119 Ammerbuch Webmaster: Dr. Wolfgang Bleicher \/ Boris Dieter Rechtliche HinweiseDer BVA aktualisiert und pr\u00fcft die Daten seiner Webseiten. Trotz aller Sorgfalt k\u00f6nnen sich Inhalte zwischenzeitlich ver\u00e4ndert haben. Eine Haftung&#8230; <a class=\"more-link\" href=\"https:\/\/www.buergerverein-ammerbuch.de\/bv\/impressum\/\">Weiterlesen &rarr;<\/a><\/p>\n","protected":false},"author":1,"featured_media":0,"parent":0,"menu_order":0,"comment_status":"closed","ping_status":"closed","template":"","meta":{"footnotes":""},"class_list":["post-11","page","type-page","status-publish","hentry"],"_links":{"self":[{"href":"https:\/\/www.buergerverein-ammerbuch.de\/bv\/wp-json\/wp\/v2\/pages\/11","targetHints":{"allow":["GET"]}}],"collection":[{"href":"https:\/\/www.buergerverein-ammerbuch.de\/bv\/wp-json\/wp\/v2\/pages"}],"about":[{"href":"https:\/\/www.buergerverein-ammerbuch.de\/bv\/wp-json\/wp\/v2\/types\/page"}],"author":[{"embeddable":true,"href":"https:\/\/www.buergerverein-ammerbuch.de\/bv\/wp-json\/wp\/v2\/users\/1"}],"replies":[{"embeddable":true,"href":"https:\/\/www.buergerverein-ammerbuch.de\/bv\/wp-json\/wp\/v2\/comments?post=11"}],"version-history":[{"count":4,"href":"https:\/\/www.buergerverein-ammerbuch.de\/bv\/wp-json\/wp\/v2\/pages\/11\/revisions"}],"predecessor-version":[{"id":1033,"href":"https:\/\/www.buergerverein-ammerbuch.de\/bv\/wp-json\/wp\/v2\/pages\/11\/revisions\/1033"}],"wp:attachment":[{"href":"https:\/\/www.buergerverein-ammerbuch.de\/bv\/wp-json\/wp\/v2\/media?parent=11"}],"curies":[{"name":"wp","href":"https:\/\/api.w.org\/{rel}","templated":true}]}}