{"id":14,"date":"2021-04-01T21:14:52","date_gmt":"2021-04-01T21:14:52","guid":{"rendered":"https:\/\/www.buergerverein-ammerbuch.de\/bv\/?page_id=14"},"modified":"2021-10-11T10:18:31","modified_gmt":"2021-10-11T10:18:31","slug":"startseite","status":"publish","type":"page","link":"https:\/\/www.buergerverein-ammerbuch.de\/bv\/","title":{"rendered":"Willkommen beim B\u00fcrgerverein Ammerbuch e.V."},"content":{"rendered":"\n<p>Der seit 1974 bestehende B\u00fcrgerverein Ammerbuch e.V. m\u00f6chte Sie mit dieser Homepage \u00fcber seine Ziele, Aufgaben und Projekte informieren.<\/p>\n\n\n\n<p>Zweck des Vereins gem\u00e4\u00df Satzung ist:<\/p>\n\n\n\n<p>\u2022 die <strong>F\u00f6rderung der Heimatpflege und Heimatkunde<\/strong> des Ammertals<\/p>\n\n\n\n<p>\u2022 die <strong>F\u00f6rderung von Kunst und Kultur<\/strong> in Ammerbuch<\/p>\n\n\n\n<p>\u2022 die <strong>F\u00f6rderung des Umweltschutzes<\/strong><\/p>\n\n\n\n<p>\u2022 die <strong>F\u00f6rderung der Jugendhilfe<\/strong> in Ammerbuch<\/p>\n\n\n\n<p>Der Satzungszweck wird insbesondere verwirklicht durch<\/p>\n\n\n\n<p>\u2022 Sammlung, Dokumentierung und Erhalt von Kulturg\u00fctern f\u00fcr ein Heimatmuseum,<\/p>\n\n\n\n<p>\u2022 Veranstaltungen und Ver\u00f6ffentlichungen zur Heimatkunde des Ammertals,<\/p>\n\n\n\n<p>\u2022 kulturelle Veranstaltungen in Ammerbuch,<\/p>\n\n\n\n<p>\u2022 Information der B\u00fcrgerschaft zu aktuellen Problemen des Umweltschutzes sowie im Rahmen dessen die Mitsprache, die Stellungnahme bei Planung und Betrieb und eventuell die Verhinderung von Anlagen und Projekten, die unzumutbare Emissionen erwarten lassen oder bereits aufweisen<\/p>\n\n\n\n<p>\u2022 Angebote zur vereins\u00fcbergreifenden Freizeitgestaltung f\u00fcr Kinder und Jugendliche in Ammerbuch<\/p>\n\n\n\n<p>Aktuelle Informationen finden Sie <a href=\"https:\/\/www.buergerverein-ammerbuch.de\/bv\/angebote\/\">hier<\/a>. <\/p>\n\n\n\n<p>Der Verein ist in der <a href=\"https:\/\/www.ammerbuch.de\/kultur-freizeit\/vereine-ammerbuch-aktiv\/vereinsliste?tx_hwvereinsliste_hwvereinsplugin%5Baction%5D=show&amp;tx_hwvereinsliste_hwvereinsplugin%5Bcontroller%5D=Verein&amp;tx_hwvereinsliste_hwvereinsplugin%5Bverein%5D=100&amp;cHash=7ae6691fe00a57159b6bd6a9cede8b1c\" target=\"_blank\" rel=\"noreferrer noopener\">Vereinsliste der Gemeinde Ammerbuch<\/a> aufgef\u00fchrt.<\/p>\n","protected":false},"excerpt":{"rendered":"<p>Der seit 1974 bestehende B\u00fcrgerverein Ammerbuch e.V. m\u00f6chte Sie mit dieser Homepage \u00fcber seine Ziele, Aufgaben und Projekte informieren. Zweck des Vereins gem\u00e4\u00df Satzung ist: \u2022 die F\u00f6rderung der Heimatpflege und Heimatkunde des Ammertals \u2022 die F\u00f6rderung von Kunst und&#8230; <a class=\"more-link\" href=\"https:\/\/www.buergerverein-ammerbuch.de\/bv\/\">Weiterlesen &rarr;<\/a><\/p>\n","protected":false},"author":1,"featured_media":289,"parent":0,"menu_order":0,"comment_status":"closed","ping_status":"closed","template":"","meta":{"footnotes":""},"class_list":["post-14","page","type-page","status-publish","has-post-thumbnail","hentry"],"_links":{"self":[{"href":"https:\/\/www.buergerverein-ammerbuch.de\/bv\/wp-json\/wp\/v2\/pages\/14","targetHints":{"allow":["GET"]}}],"collection":[{"href":"https:\/\/www.buergerverein-ammerbuch.de\/bv\/wp-json\/wp\/v2\/pages"}],"about":[{"href":"https:\/\/www.buergerverein-ammerbuch.de\/bv\/wp-json\/wp\/v2\/types\/page"}],"author":[{"embeddable":true,"href":"https:\/\/www.buergerverein-ammerbuch.de\/bv\/wp-json\/wp\/v2\/users\/1"}],"replies":[{"embeddable":true,"href":"https:\/\/www.buergerverein-ammerbuch.de\/bv\/wp-json\/wp\/v2\/comments?post=14"}],"version-history":[{"count":10,"href":"https:\/\/www.buergerverein-ammerbuch.de\/bv\/wp-json\/wp\/v2\/pages\/14\/revisions"}],"predecessor-version":[{"id":301,"href":"https:\/\/www.buergerverein-ammerbuch.de\/bv\/wp-json\/wp\/v2\/pages\/14\/revisions\/301"}],"wp:featuredmedia":[{"embeddable":true,"href":"https:\/\/www.buergerverein-ammerbuch.de\/bv\/wp-json\/wp\/v2\/media\/289"}],"wp:attachment":[{"href":"https:\/\/www.buergerverein-ammerbuch.de\/bv\/wp-json\/wp\/v2\/media?parent=14"}],"curies":[{"name":"wp","href":"https:\/\/api.w.org\/{rel}","templated":true}]}}