{"id":46,"date":"2021-04-01T21:58:33","date_gmt":"2021-04-01T21:58:33","guid":{"rendered":"https:\/\/www.buergerverein-ammerbuch.de\/bv\/?page_id=46"},"modified":"2022-10-23T17:53:29","modified_gmt":"2022-10-23T17:53:29","slug":"projekte","status":"publish","type":"page","link":"https:\/\/www.buergerverein-ammerbuch.de\/bv\/projekte\/","title":{"rendered":"Projekte"},"content":{"rendered":"\n<p>Der B\u00fcrgerverein ist aktuell in vier Arbeitsschwerpunkten t\u00e4tig. Diese sind: <\/p>\n\n\n\n<p>1.<strong> \u00d6ffentlichkeitsarbeit<\/strong> (z.B. Homepageerstellung und Bef\u00fcllung mit Texten \/ Bildern, Amtsblattartikel),<\/p>\n\n\n\n<p> 2. Weitere Arbeit an den <strong>Museumsgegenst\u00e4nden<\/strong> in der <a href=\"https:\/\/www.google.com\/search?client=firefox-b-d&amp;q=schlossmuseum%20poltringen&amp;tbs=lrf:!1m4!1u3!2m2!3m1!1e1!1m4!1u2!2m2!2m1!1e1!2m1!1e2!2m1!1e3!3sIAE,lf:1,lf_ui:1&amp;tbm=lcl&amp;sxsrf=ALiCzsZm6yJ14thhdY5DSXCo5xLzjpH7aQ:1666547343902&amp;rflfq=1&amp;num=10&amp;rldimm=2372160238375094288&amp;lqi=ChhzY2hsb3NzbXVzZXVtIHBvbHRyaW5nZW5aGiIYc2NobG9zc211c2V1bSBwb2x0cmluZ2VukgEUbG9jYWxfaGlzdG9yeV9tdXNldW2qARUQASoRIg1zY2hsb3NzbXVzZXVtKAU&amp;phdesc=kFyu8mBsdFo&amp;ved=2ahUKEwib07zT9Pb6AhXSX_EDHW14ANoQvS56BAgLEAE&amp;sa=X&amp;rlst=f#rlfi=hd:;si:2372160238375094288,l,ChhzY2hsb3NzbXVzZXVtIHBvbHRyaW5nZW5aGiIYc2NobG9zc211c2V1bSBwb2x0cmluZ2VukgEUbG9jYWxfaGlzdG9yeV9tdXNldW2qARUQASoRIg1zY2hsb3NzbXVzZXVtKAU,y,kFyu8mBsdFo;mv:[[48.9917217,9.5120501],[48.036621,8.3429142]]\" target=\"_blank\" rel=\"noopener\">Schlossscheuer<\/a> (z.B. Verr\u00e4umen, Sortieren), <\/p>\n\n\n\n<p>3. <strong>digitale Erfassung<\/strong> und Beschreibung der Museumsgegenst\u00e4nde (mit Museumssoftware) und <\/p>\n\n\n\n<p>4. Organisation von <strong>Veranstaltungen<\/strong> (wie z.B. Tag der offenen T\u00fcr, historische Ernteaktion, Schlossmarkt, Tag des offenen Denkmals, Vortr\u00e4ge). <br><br>In allen Arbeitsbereichen sind Mithelfende willkommen und k\u00f6nnen sich <a data-type=\"URL\" data-id=\"https:\/\/www.buergerverein-ammerbuch.de\/bv\/kontakt\/\" href=\"https:\/\/www.buergerverein-ammerbuch.de\/bv\/kontakt\/\" target=\"_blank\" rel=\"noreferrer noopener\">hier<\/a> bei uns melden. <\/p>\n\n\n\n<p>Nachfolgend sind die Einzelprojekte (geplant, in Umsetzung oder schon verwirklicht) beschrieben:<\/p>\n\n\n\n<p><strong>Belebung Schlossscheuer<\/strong> (Ansprechpartner Dieter Christ): die S\u00fcdseite der Schlossscheuer soll mit Treppe, Notausgang und Elektrik als Ausstellungs- und Veranstaltungsraum ert\u00fcchtigt werden; hierf\u00fcr hat der B\u00fcrgerverein aus dem Programm &#8222;<a data-type=\"URL\" data-id=\"https:\/\/zusammenhalt.baden-wuerttemberg.de\/de\/startseite\/zusammenhalt-in-baden-wuerttemberg\/aktuelle-meldungen\/meldung\/pid\/kultur-auf-dem-land-unterstuetzen\/\" href=\"https:\/\/zusammenhalt.baden-wuerttemberg.de\/de\/startseite\/zusammenhalt-in-baden-wuerttemberg\/aktuelle-meldungen\/meldung\/pid\/kultur-auf-dem-land-unterstuetzen\/\" target=\"_blank\" rel=\"noreferrer noopener\">FreiR\u00e4ume<\/a>&#8220; umfangreiche Landesmittel erhalten<\/p>\n\n\n\n<p><strong>Pr\u00e4sentation Heimatmuseumssammlung<\/strong> (Ansprechpartner Meinrad Schmid): die umfangreiche Sammlung von historischen Haushalts- und Wirtschaftsgegenst\u00e4nden soll geordnet und museal in der Schlossscheuer pr\u00e4sentiert werden<\/p>\n\n\n\n<p>Ammerbucher <strong>Grenzstein Refugium<\/strong> (Ansprechpartner Boris Dieter, Reinhold Bauer und Markus Herrmann): dieses wurde im Fr\u00fchjahr 2022 eingerichtet (&#8222;<a href=\"https:\/\/www.wanderservice-schwarzwald.de\/de\/tour\/radfahren\/trecking-radtour-zu-kleindenkmale-in-buechenau-und-stutensee\/119378615\/\" target=\"_blank\" rel=\"noreferrer noopener\">Grenzsteinrefugium<\/a>&#8222;), weitere Infos dazu und zu den einzelnen Steinen sind <a href=\"https:\/\/www.buergerverein-ammerbuch.de\/bv\/hintergrundinformationen-grenzstein-refugium\/\" target=\"_blank\" rel=\"noopener\">hier<\/a> zu finden<\/p>\n\n\n\n<p><strong>Digitalisierung Museumssammlung<\/strong>  (Ansprechpartner Dieter Christ): die Museumssammlung soll digital erfasst und dokumentiert werden und dann eventuell Teil des <a href=\"https:\/\/bawue.museum-digital.de\/\" data-type=\"URL\" data-id=\"https:\/\/bawue.museum-digital.de\/\" target=\"_blank\" rel=\"noreferrer noopener\">Digitalmuseum Baden-W\u00fcrttemberg<\/a> werden<\/p>\n\n\n\n<p><strong>Mitgliedschaft Europ\u00e4ische Heinrich-Schickhardt-Kulturstra\u00dfe<\/strong> (Ansprechpartnerin Barbara Lambeck): es ist angestrebt, dass Ammerbuch Teil der <a data-type=\"URL\" data-id=\"https:\/\/www.heinrich-schickhardt-kulturstrasse.de\/index.php\/de\/\" href=\"https:\/\/www.heinrich-schickhardt-kulturstrasse.de\/index.php\/de\/\" target=\"_blank\" rel=\"noreferrer noopener\">Heinrich-Schickhardt-Europaratskulturstra\u00dfe<\/a> wird (umgesetzt im Herbst 2021), an den Ortseing\u00e4ngen von Poltringen sind offizielle Hinweisschilder geplant, ggf. in Poltringen eine Infotafel<\/p>\n\n\n\n<p><strong>Schlossmarkt<\/strong> (Ansprechpartnerin Barbara Lambeck): regelm\u00e4\u00dfige Durchf\u00fchrung des <a href=\"https:\/\/docplayer.org\/107384095-Ammerbuch-praesentiert-sich.html\" title=\"Schlossmarktes\">Schlossmarktes<\/a> im Schlosshof <\/p>\n\n\n\n<p><strong>Tag des offenen Denkmals <\/strong>(Ansprechpartner noch zu definieren): es ist angestrebt mit der Schlossscheuer, aber auch anderen historischen Geb\u00e4uden in Ammerbuch, regelm\u00e4\u00dfig am bundesweiten <a data-type=\"URL\" data-id=\"https:\/\/www.tag-des-offenen-denkmals.de\/\" href=\"https:\/\/www.tag-des-offenen-denkmals.de\/\" target=\"_blank\" rel=\"noreferrer noopener\">Tag des offenen Denkmals<\/a> teilzunehmen (erstmalige Teilnahme Herbst 2018)<\/p>\n\n\n\n<p><strong>Historische Ernte- und Dreschaktion<\/strong> (Ansprechpartner Meinrad Schmid): es wurden historische Getreidesorten hinter der Stephanus-Kirche angepflanzt, mit Sensen und Erntewagen geerntet und in der Schlossscheuer eingelagert; es ist geplant dieses Getreide mit einer alten Dreschmaschine und manuell zu dreschen (erstmalig umgesetzt Herbst 2021) <\/p>\n\n\n\n<p><strong>Lesung aus Ammerbuch-Buch<\/strong> (Ansprechpartner Boris Dieter): es ist ggf. geplant eine Lesung aus dem heimatgeschichtlichen <a data-type=\"URL\" data-id=\"https:\/\/neckaralb-verlag.de\/boris-dieter-ammerbucher-heimatgeschichte\/\" href=\"https:\/\/neckaralb-verlag.de\/boris-dieter-ammerbucher-heimatgeschichte\/\" target=\"_blank\" rel=\"noreferrer noopener\">Ammerbuch-Buch<\/a> mit musikalischer Begleitung zu organisieren (umgesetzt Herbst 2021)<\/p>\n\n\n\n<p><strong>Heimatgeschichtliche Artikel<\/strong> (Ansprechpartner Boris Dieter): in Erg\u00e4nzung zum Ammerbuch-Buch k\u00f6nnten weitere heimatgeschichtlichen Artikel \u00fcber Ammerbucher Themen entstehen, siehe &#8222;<a href=\"https:\/\/www.buergerverein-ammerbuch.de\/bv\/angebote\/\" title=\"Aktuelles\">Aktuelles<\/a>&#8222;<\/p>\n\n\n\n<p><\/p>\n\n\n\n<p><\/p>\n","protected":false},"excerpt":{"rendered":"<p>Der B\u00fcrgerverein ist aktuell in vier Arbeitsschwerpunkten t\u00e4tig. Diese sind: 1. \u00d6ffentlichkeitsarbeit (z.B. Homepageerstellung und Bef\u00fcllung mit Texten \/ Bildern, Amtsblattartikel), 2. Weitere Arbeit an den Museumsgegenst\u00e4nden in der Schlossscheuer (z.B. Verr\u00e4umen, Sortieren), 3. digitale Erfassung und Beschreibung der Museumsgegenst\u00e4nde&#8230; <a class=\"more-link\" href=\"https:\/\/www.buergerverein-ammerbuch.de\/bv\/projekte\/\">Weiterlesen &rarr;<\/a><\/p>\n","protected":false},"author":1,"featured_media":132,"parent":0,"menu_order":0,"comment_status":"closed","ping_status":"closed","template":"","meta":{"footnotes":""},"class_list":["post-46","page","type-page","status-publish","has-post-thumbnail","hentry"],"_links":{"self":[{"href":"https:\/\/www.buergerverein-ammerbuch.de\/bv\/wp-json\/wp\/v2\/pages\/46","targetHints":{"allow":["GET"]}}],"collection":[{"href":"https:\/\/www.buergerverein-ammerbuch.de\/bv\/wp-json\/wp\/v2\/pages"}],"about":[{"href":"https:\/\/www.buergerverein-ammerbuch.de\/bv\/wp-json\/wp\/v2\/types\/page"}],"author":[{"embeddable":true,"href":"https:\/\/www.buergerverein-ammerbuch.de\/bv\/wp-json\/wp\/v2\/users\/1"}],"replies":[{"embeddable":true,"href":"https:\/\/www.buergerverein-ammerbuch.de\/bv\/wp-json\/wp\/v2\/comments?post=46"}],"version-history":[{"count":14,"href":"https:\/\/www.buergerverein-ammerbuch.de\/bv\/wp-json\/wp\/v2\/pages\/46\/revisions"}],"predecessor-version":[{"id":495,"href":"https:\/\/www.buergerverein-ammerbuch.de\/bv\/wp-json\/wp\/v2\/pages\/46\/revisions\/495"}],"wp:featuredmedia":[{"embeddable":true,"href":"https:\/\/www.buergerverein-ammerbuch.de\/bv\/wp-json\/wp\/v2\/media\/132"}],"wp:attachment":[{"href":"https:\/\/www.buergerverein-ammerbuch.de\/bv\/wp-json\/wp\/v2\/media?parent=46"}],"curies":[{"name":"wp","href":"https:\/\/api.w.org\/{rel}","templated":true}]}}